{"id":1543,"date":"2023-08-31T13:17:39","date_gmt":"2023-08-31T11:17:39","guid":{"rendered":"https:\/\/dev.ociomoda.com\/colecciones\/"},"modified":"2024-02-23T14:24:53","modified_gmt":"2024-02-23T13:24:53","slug":"collections","status":"publish","type":"page","link":"https:\/\/ociomoda.com\/en\/collections\/","title":{"rendered":"Collections"},"content":{"rendered":"\t\t<div data-elementor-type=\"wp-page\" data-elementor-id=\"1543\" class=\"elementor elementor-1543 elementor-953\" data-elementor-post-type=\"page\">\n\t\t\t\t\t\t<section class=\"elementor-section elementor-top-section elementor-element elementor-element-808b52b elementor-section-full_width elementor-section-height-default elementor-section-height-default\" data-id=\"808b52b\" data-element_type=\"section\" id=\"colecciones\" data-settings=\"{&quot;jet_parallax_layout_list&quot;:[]}\">\n\t\t\t\t\t\t<div class=\"elementor-container elementor-column-gap-default\">\n\t\t\t\t\t<div class=\"elementor-column elementor-col-100 elementor-top-column elementor-element elementor-element-3e8a751\" data-id=\"3e8a751\" data-element_type=\"column\">\n\t\t\t<div class=\"elementor-widget-wrap elementor-element-populated\">\n\t\t\t\t\t\t<div class=\"elementor-element elementor-element-ac2d942 elementor-widget elementor-widget-heading\" data-id=\"ac2d942\" data-element_type=\"widget\" data-widget_type=\"heading.default\">\n\t\t\t\t<div class=\"elementor-widget-container\">\n\t\t\t\t\t<h2 class=\"elementor-heading-title elementor-size-default\">ALL COLLECTIONS<\/h2>\t\t\t\t<\/div>\n\t\t\t\t<\/div>\n\t\t\t\t<section class=\"elementor-section elementor-inner-section elementor-element elementor-element-30ef254 elementor-section-full_width elementor-section-height-default elementor-section-height-default\" data-id=\"30ef254\" data-element_type=\"section\" data-settings=\"{&quot;jet_parallax_layout_list&quot;:[],&quot;background_background&quot;:&quot;classic&quot;}\">\n\t\t\t\t\t\t<div class=\"elementor-container elementor-column-gap-custom\">\n\t\t\t\t\t<div class=\"elementor-column elementor-col-33 elementor-inner-column elementor-element elementor-element-8ccf14e\" data-id=\"8ccf14e\" data-element_type=\"column\">\n\t\t\t<div class=\"elementor-widget-wrap elementor-element-populated\">\n\t\t\t\t\t\t<div class=\"elementor-element elementor-element-53b4c86 elementor-widget elementor-widget-image\" data-id=\"53b4c86\" data-element_type=\"widget\" data-widget_type=\"image.default\">\n\t\t\t\t<div class=\"elementor-widget-container\">\n\t\t\t\t\t\t\t\t\t\t\t\t\t\t\t\t<a href=\"\/en\/collections\/just-love\/\">\n\t\t\t\t\t\t\t<img fetchpriority=\"high\" decoding=\"async\" width=\"1374\" height=\"270\" src=\"https:\/\/ociomoda.com\/wp-content\/uploads\/2023\/07\/just-love-logo.png\" class=\"attachment-full size-full wp-image-486\" alt=\"\" srcset=\"https:\/\/ociomoda.com\/wp-content\/uploads\/2023\/07\/just-love-logo.png 1374w, https:\/\/ociomoda.com\/wp-content\/uploads\/2023\/07\/just-love-logo-300x59.png 300w, https:\/\/ociomoda.com\/wp-content\/uploads\/2023\/07\/just-love-logo-1024x201.png 1024w, https:\/\/ociomoda.com\/wp-content\/uploads\/2023\/07\/just-love-logo-768x151.png 768w, https:\/\/ociomoda.com\/wp-content\/uploads\/2023\/07\/just-love-logo-600x118.png 600w\" sizes=\"(max-width: 1374px) 100vw, 1374px\" \/>\t\t\t\t\t\t\t\t<\/a>\n\t\t\t\t\t\t\t\t\t\t\t\t\t\t\t<\/div>\n\t\t\t\t<\/div>\n\t\t\t\t<div class=\"elementor-element elementor-element-0ee21e1 elementor-widget-divider--view-line elementor-widget elementor-widget-divider\" data-id=\"0ee21e1\" data-element_type=\"widget\" data-widget_type=\"divider.default\">\n\t\t\t\t<div class=\"elementor-widget-container\">\n\t\t\t\t\t\t\t<div class=\"elementor-divider\">\n\t\t\t<span class=\"elementor-divider-separator\">\n\t\t\t\t\t\t<\/span>\n\t\t<\/div>\n\t\t\t\t\t\t<\/div>\n\t\t\t\t<\/div>\n\t\t\t\t<div class=\"elementor-element elementor-element-afd10d8 elementor-widget elementor-widget-heading\" data-id=\"afd10d8\" data-element_type=\"widget\" data-widget_type=\"heading.default\">\n\t\t\t\t<div class=\"elementor-widget-container\">\n\t\t\t\t\t<h2 class=\"elementor-heading-title elementor-size-default\">2024<\/h2>\t\t\t\t<\/div>\n\t\t\t\t<\/div>\n\t\t\t\t\t<\/div>\n\t\t<\/div>\n\t\t\t\t<div class=\"elementor-column elementor-col-33 elementor-inner-column elementor-element elementor-element-eafaea6\" data-id=\"eafaea6\" data-element_type=\"column\">\n\t\t\t<div class=\"elementor-widget-wrap elementor-element-populated\">\n\t\t\t\t\t\t<div class=\"elementor-element elementor-element-3eac439 elementor-widget elementor-widget-image\" data-id=\"3eac439\" data-element_type=\"widget\" data-widget_type=\"image.default\">\n\t\t\t\t<div class=\"elementor-widget-container\">\n\t\t\t\t\t\t\t\t\t\t\t\t\t\t\t\t<a href=\"\/en\/collections\/heroe\/\">\n\t\t\t\t\t\t\t<img decoding=\"async\" width=\"1092\" height=\"392\" src=\"https:\/\/ociomoda.com\/wp-content\/uploads\/2023\/07\/LOGOTIPO-heroe.png\" class=\"attachment-full size-full wp-image-492\" alt=\"\" srcset=\"https:\/\/ociomoda.com\/wp-content\/uploads\/2023\/07\/LOGOTIPO-heroe.png 1092w, https:\/\/ociomoda.com\/wp-content\/uploads\/2023\/07\/LOGOTIPO-heroe-300x108.png 300w, https:\/\/ociomoda.com\/wp-content\/uploads\/2023\/07\/LOGOTIPO-heroe-1024x368.png 1024w, https:\/\/ociomoda.com\/wp-content\/uploads\/2023\/07\/LOGOTIPO-heroe-768x276.png 768w, https:\/\/ociomoda.com\/wp-content\/uploads\/2023\/07\/LOGOTIPO-heroe-600x215.png 600w\" sizes=\"(max-width: 1092px) 100vw, 1092px\" \/>\t\t\t\t\t\t\t\t<\/a>\n\t\t\t\t\t\t\t\t\t\t\t\t\t\t\t<\/div>\n\t\t\t\t<\/div>\n\t\t\t\t<div class=\"elementor-element elementor-element-7c1b195 elementor-widget-divider--view-line elementor-widget elementor-widget-divider\" data-id=\"7c1b195\" data-element_type=\"widget\" data-widget_type=\"divider.default\">\n\t\t\t\t<div class=\"elementor-widget-container\">\n\t\t\t\t\t\t\t<div class=\"elementor-divider\">\n\t\t\t<span class=\"elementor-divider-separator\">\n\t\t\t\t\t\t<\/span>\n\t\t<\/div>\n\t\t\t\t\t\t<\/div>\n\t\t\t\t<\/div>\n\t\t\t\t<div class=\"elementor-element elementor-element-8a41039 elementor-widget elementor-widget-heading\" data-id=\"8a41039\" data-element_type=\"widget\" data-widget_type=\"heading.default\">\n\t\t\t\t<div class=\"elementor-widget-container\">\n\t\t\t\t\t<h2 class=\"elementor-heading-title elementor-size-default\">2016<\/h2>\t\t\t\t<\/div>\n\t\t\t\t<\/div>\n\t\t\t\t\t<\/div>\n\t\t<\/div>\n\t\t\t\t<div class=\"elementor-column elementor-col-33 elementor-inner-column elementor-element elementor-element-99a3f07\" data-id=\"99a3f07\" data-element_type=\"column\">\n\t\t\t<div class=\"elementor-widget-wrap elementor-element-populated\">\n\t\t\t\t\t\t<div class=\"elementor-element elementor-element-787490f elementor-widget elementor-widget-image\" data-id=\"787490f\" data-element_type=\"widget\" data-widget_type=\"image.default\">\n\t\t\t\t<div class=\"elementor-widget-container\">\n\t\t\t\t\t\t\t\t\t\t\t\t\t\t\t\t<a href=\"\/en\/collections\/sensual-vintage\/\">\n\t\t\t\t\t\t\t<img decoding=\"async\" width=\"1076\" height=\"648\" src=\"https:\/\/ociomoda.com\/wp-content\/uploads\/2023\/07\/sensual-vintage-logo.png\" class=\"attachment-full size-full wp-image-480\" alt=\"\" srcset=\"https:\/\/ociomoda.com\/wp-content\/uploads\/2023\/07\/sensual-vintage-logo.png 1076w, https:\/\/ociomoda.com\/wp-content\/uploads\/2023\/07\/sensual-vintage-logo-300x181.png 300w, https:\/\/ociomoda.com\/wp-content\/uploads\/2023\/07\/sensual-vintage-logo-1024x617.png 1024w, https:\/\/ociomoda.com\/wp-content\/uploads\/2023\/07\/sensual-vintage-logo-768x463.png 768w, https:\/\/ociomoda.com\/wp-content\/uploads\/2023\/07\/sensual-vintage-logo-600x361.png 600w\" sizes=\"(max-width: 1076px) 100vw, 1076px\" \/>\t\t\t\t\t\t\t\t<\/a>\n\t\t\t\t\t\t\t\t\t\t\t\t\t\t\t<\/div>\n\t\t\t\t<\/div>\n\t\t\t\t<div class=\"elementor-element elementor-element-396917b elementor-widget-divider--view-line elementor-widget elementor-widget-divider\" data-id=\"396917b\" data-element_type=\"widget\" data-widget_type=\"divider.default\">\n\t\t\t\t<div class=\"elementor-widget-container\">\n\t\t\t\t\t\t\t<div class=\"elementor-divider\">\n\t\t\t<span class=\"elementor-divider-separator\">\n\t\t\t\t\t\t<\/span>\n\t\t<\/div>\n\t\t\t\t\t\t<\/div>\n\t\t\t\t<\/div>\n\t\t\t\t<div class=\"elementor-element elementor-element-e6ee9b4 elementor-widget elementor-widget-heading\" data-id=\"e6ee9b4\" data-element_type=\"widget\" data-widget_type=\"heading.default\">\n\t\t\t\t<div class=\"elementor-widget-container\">\n\t\t\t\t\t<h2 class=\"elementor-heading-title elementor-size-default\">2015<\/h2>\t\t\t\t<\/div>\n\t\t\t\t<\/div>\n\t\t\t\t\t<\/div>\n\t\t<\/div>\n\t\t\t\t\t<\/div>\n\t\t<\/section>\n\t\t\t\t<section class=\"elementor-section elementor-inner-section elementor-element elementor-element-1317742 elementor-section-full_width elementor-section-height-default elementor-section-height-default\" data-id=\"1317742\" data-element_type=\"section\" data-settings=\"{&quot;jet_parallax_layout_list&quot;:[],&quot;background_background&quot;:&quot;classic&quot;}\">\n\t\t\t\t\t\t<div class=\"elementor-container elementor-column-gap-custom\">\n\t\t\t\t\t<div class=\"elementor-column elementor-col-33 elementor-inner-column elementor-element elementor-element-5c5c5ed\" data-id=\"5c5c5ed\" data-element_type=\"column\">\n\t\t\t<div class=\"elementor-widget-wrap elementor-element-populated\">\n\t\t\t\t\t\t<div class=\"elementor-element elementor-element-535d336 elementor-widget elementor-widget-image\" data-id=\"535d336\" data-element_type=\"widget\" data-widget_type=\"image.default\">\n\t\t\t\t<div class=\"elementor-widget-container\">\n\t\t\t\t\t\t\t\t\t\t\t\t\t\t\t\t<a href=\"\/en\/collections\/living-the-dream\/\">\n\t\t\t\t\t\t\t<img loading=\"lazy\" decoding=\"async\" width=\"2482\" height=\"954\" src=\"https:\/\/ociomoda.com\/wp-content\/uploads\/2023\/07\/living-the-dream-logo.png\" class=\"attachment-full size-full wp-image-482\" alt=\"\" srcset=\"https:\/\/ociomoda.com\/wp-content\/uploads\/2023\/07\/living-the-dream-logo.png 2482w, https:\/\/ociomoda.com\/wp-content\/uploads\/2023\/07\/living-the-dream-logo-300x115.png 300w, https:\/\/ociomoda.com\/wp-content\/uploads\/2023\/07\/living-the-dream-logo-1024x394.png 1024w, https:\/\/ociomoda.com\/wp-content\/uploads\/2023\/07\/living-the-dream-logo-768x295.png 768w, https:\/\/ociomoda.com\/wp-content\/uploads\/2023\/07\/living-the-dream-logo-1536x590.png 1536w, https:\/\/ociomoda.com\/wp-content\/uploads\/2023\/07\/living-the-dream-logo-2048x787.png 2048w, https:\/\/ociomoda.com\/wp-content\/uploads\/2023\/07\/living-the-dream-logo-600x231.png 600w\" sizes=\"(max-width: 2482px) 100vw, 2482px\" \/>\t\t\t\t\t\t\t\t<\/a>\n\t\t\t\t\t\t\t\t\t\t\t\t\t\t\t<\/div>\n\t\t\t\t<\/div>\n\t\t\t\t<div class=\"elementor-element elementor-element-00595e1 elementor-widget-divider--view-line elementor-widget elementor-widget-divider\" data-id=\"00595e1\" data-element_type=\"widget\" data-widget_type=\"divider.default\">\n\t\t\t\t<div class=\"elementor-widget-container\">\n\t\t\t\t\t\t\t<div class=\"elementor-divider\">\n\t\t\t<span class=\"elementor-divider-separator\">\n\t\t\t\t\t\t<\/span>\n\t\t<\/div>\n\t\t\t\t\t\t<\/div>\n\t\t\t\t<\/div>\n\t\t\t\t<div class=\"elementor-element elementor-element-0cd028b elementor-widget elementor-widget-heading\" data-id=\"0cd028b\" data-element_type=\"widget\" data-widget_type=\"heading.default\">\n\t\t\t\t<div class=\"elementor-widget-container\">\n\t\t\t\t\t<h2 class=\"elementor-heading-title elementor-size-default\">2014<\/h2>\t\t\t\t<\/div>\n\t\t\t\t<\/div>\n\t\t\t\t\t<\/div>\n\t\t<\/div>\n\t\t\t\t<div class=\"elementor-column elementor-col-33 elementor-inner-column elementor-element elementor-element-2b4c1d0\" data-id=\"2b4c1d0\" data-element_type=\"column\">\n\t\t\t<div class=\"elementor-widget-wrap elementor-element-populated\">\n\t\t\t\t\t\t<div class=\"elementor-element elementor-element-7d04368 elementor-widget elementor-widget-image\" data-id=\"7d04368\" data-element_type=\"widget\" data-widget_type=\"image.default\">\n\t\t\t\t<div class=\"elementor-widget-container\">\n\t\t\t\t\t\t\t\t\t\t\t\t\t\t\t\t<a href=\"\/en\/collections\/playas-sudamericanas-con-sabor-de-los-70\/\">\n\t\t\t\t\t\t\t<img loading=\"lazy\" decoding=\"async\" width=\"1200\" height=\"247\" src=\"https:\/\/ociomoda.com\/wp-content\/uploads\/2023\/07\/los-70-logo-H.jpg\" class=\"attachment-full size-full wp-image-490\" alt=\"\" srcset=\"https:\/\/ociomoda.com\/wp-content\/uploads\/2023\/07\/los-70-logo-H.jpg 1200w, https:\/\/ociomoda.com\/wp-content\/uploads\/2023\/07\/los-70-logo-H-300x62.jpg 300w, https:\/\/ociomoda.com\/wp-content\/uploads\/2023\/07\/los-70-logo-H-1024x211.jpg 1024w, https:\/\/ociomoda.com\/wp-content\/uploads\/2023\/07\/los-70-logo-H-768x158.jpg 768w, https:\/\/ociomoda.com\/wp-content\/uploads\/2023\/07\/los-70-logo-H-600x124.jpg 600w\" sizes=\"(max-width: 1200px) 100vw, 1200px\" \/>\t\t\t\t\t\t\t\t<\/a>\n\t\t\t\t\t\t\t\t\t\t\t\t\t\t\t<\/div>\n\t\t\t\t<\/div>\n\t\t\t\t<div class=\"elementor-element elementor-element-44f0622 elementor-widget-divider--view-line elementor-widget elementor-widget-divider\" data-id=\"44f0622\" data-element_type=\"widget\" data-widget_type=\"divider.default\">\n\t\t\t\t<div class=\"elementor-widget-container\">\n\t\t\t\t\t\t\t<div class=\"elementor-divider\">\n\t\t\t<span class=\"elementor-divider-separator\">\n\t\t\t\t\t\t<\/span>\n\t\t<\/div>\n\t\t\t\t\t\t<\/div>\n\t\t\t\t<\/div>\n\t\t\t\t<div class=\"elementor-element elementor-element-2fba342 elementor-widget elementor-widget-heading\" data-id=\"2fba342\" data-element_type=\"widget\" data-widget_type=\"heading.default\">\n\t\t\t\t<div class=\"elementor-widget-container\">\n\t\t\t\t\t<h2 class=\"elementor-heading-title elementor-size-default\">2013<\/h2>\t\t\t\t<\/div>\n\t\t\t\t<\/div>\n\t\t\t\t\t<\/div>\n\t\t<\/div>\n\t\t\t\t<div class=\"elementor-column elementor-col-33 elementor-inner-column elementor-element elementor-element-67ead21\" data-id=\"67ead21\" data-element_type=\"column\">\n\t\t\t<div class=\"elementor-widget-wrap elementor-element-populated\">\n\t\t\t\t\t\t<div class=\"elementor-element elementor-element-083e148 elementor-widget elementor-widget-image\" data-id=\"083e148\" data-element_type=\"widget\" data-widget_type=\"image.default\">\n\t\t\t\t<div class=\"elementor-widget-container\">\n\t\t\t\t\t\t\t\t\t\t\t\t\t\t\t\t<a href=\"\/en\/collections\/ociosos-80\/\">\n\t\t\t\t\t\t\t<img loading=\"lazy\" decoding=\"async\" width=\"1086\" height=\"598\" src=\"https:\/\/ociomoda.com\/wp-content\/uploads\/2023\/07\/ociosos-80-logo.png\" class=\"attachment-full size-full wp-image-484\" alt=\"\" srcset=\"https:\/\/ociomoda.com\/wp-content\/uploads\/2023\/07\/ociosos-80-logo.png 1086w, https:\/\/ociomoda.com\/wp-content\/uploads\/2023\/07\/ociosos-80-logo-300x165.png 300w, https:\/\/ociomoda.com\/wp-content\/uploads\/2023\/07\/ociosos-80-logo-1024x564.png 1024w, https:\/\/ociomoda.com\/wp-content\/uploads\/2023\/07\/ociosos-80-logo-768x423.png 768w, https:\/\/ociomoda.com\/wp-content\/uploads\/2023\/07\/ociosos-80-logo-600x330.png 600w\" sizes=\"(max-width: 1086px) 100vw, 1086px\" \/>\t\t\t\t\t\t\t\t<\/a>\n\t\t\t\t\t\t\t\t\t\t\t\t\t\t\t<\/div>\n\t\t\t\t<\/div>\n\t\t\t\t<div class=\"elementor-element elementor-element-3f2648a elementor-widget-divider--view-line elementor-widget elementor-widget-divider\" data-id=\"3f2648a\" data-element_type=\"widget\" data-widget_type=\"divider.default\">\n\t\t\t\t<div class=\"elementor-widget-container\">\n\t\t\t\t\t\t\t<div class=\"elementor-divider\">\n\t\t\t<span class=\"elementor-divider-separator\">\n\t\t\t\t\t\t<\/span>\n\t\t<\/div>\n\t\t\t\t\t\t<\/div>\n\t\t\t\t<\/div>\n\t\t\t\t<div class=\"elementor-element elementor-element-9c76495 elementor-widget elementor-widget-heading\" data-id=\"9c76495\" data-element_type=\"widget\" data-widget_type=\"heading.default\">\n\t\t\t\t<div class=\"elementor-widget-container\">\n\t\t\t\t\t<h2 class=\"elementor-heading-title elementor-size-default\">2012<\/h2>\t\t\t\t<\/div>\n\t\t\t\t<\/div>\n\t\t\t\t\t<\/div>\n\t\t<\/div>\n\t\t\t\t\t<\/div>\n\t\t<\/section>\n\t\t\t\t\t<\/div>\n\t\t<\/div>\n\t\t\t\t\t<\/div>\n\t\t<\/section>\n\t\t\t\t<section class=\"elementor-section elementor-top-section elementor-element elementor-element-d181bc4 elementor-section-full_width elementor-section-height-default elementor-section-height-default\" data-id=\"d181bc4\" data-element_type=\"section\" data-settings=\"{&quot;jet_parallax_layout_list&quot;:[]}\">\n\t\t\t\t\t\t<div class=\"elementor-container elementor-column-gap-default\">\n\t\t\t\t\t<div class=\"elementor-column elementor-col-100 elementor-top-column elementor-element elementor-element-a17c4b5\" data-id=\"a17c4b5\" data-element_type=\"column\">\n\t\t\t<div class=\"elementor-widget-wrap elementor-element-populated\">\n\t\t\t\t\t\t<div class=\"elementor-element elementor-element-e114e52 elementor-widget elementor-widget-heading\" data-id=\"e114e52\" data-element_type=\"widget\" data-widget_type=\"heading.default\">\n\t\t\t\t<div class=\"elementor-widget-container\">\n\t\t\t\t\t<h2 class=\"elementor-heading-title elementor-size-default\">JOURNAL<\/h2>\t\t\t\t<\/div>\n\t\t\t\t<\/div>\n\t\t\t\t<section class=\"elementor-section elementor-inner-section elementor-element elementor-element-a0e697c elementor-section-full_width elementor-section-height-default elementor-section-height-default\" data-id=\"a0e697c\" data-element_type=\"section\" data-settings=\"{&quot;jet_parallax_layout_list&quot;:[]}\">\n\t\t\t\t\t\t<div class=\"elementor-container elementor-column-gap-custom\">\n\t\t\t\t\t<div class=\"elementor-column elementor-col-100 elementor-inner-column elementor-element elementor-element-b6fe7fe\" data-id=\"b6fe7fe\" data-element_type=\"column\">\n\t\t\t<div class=\"elementor-widget-wrap elementor-element-populated\">\n\t\t\t\t\t\t<div class=\"elementor-element elementor-element-e5571f6 elementor-widget elementor-widget-jet-posts\" data-id=\"e5571f6\" data-element_type=\"widget\" data-settings=\"{&quot;columns_tablet&quot;:&quot;2&quot;,&quot;columns_mobile&quot;:&quot;1&quot;,&quot;columns&quot;:3,&quot;slides_to_scroll&quot;:&quot;1&quot;}\" data-widget_type=\"jet-posts.default\">\n\t\t\t\t<div class=\"elementor-widget-container\">\n\t\t\t\t\t<div class=\"elementor-jet-posts jet-elements\"><div class=\"jet-posts col-row  jet-equal-cols\"><\/div>\n<\/div>\t\t\t\t<\/div>\n\t\t\t\t<\/div>\n\t\t\t\t\t<\/div>\n\t\t<\/div>\n\t\t\t\t\t<\/div>\n\t\t<\/section>\n\t\t\t\t\t<\/div>\n\t\t<\/div>\n\t\t\t\t\t<\/div>\n\t\t<\/section>\n\t\t\t\t<\/div>\n\t\t","protected":false},"excerpt":{"rendered":"<p>ALL COLLECTIONS 2024 2016 2015 2014 2013 2012 JOURNAL PREMIOS IMPULSA CRUZ ROJA Leer m\u00e1s PATR\u00d3N OCIO ORIGINAL Leer m\u00e1s MOVIMIENTO DE DESCONEXI\u00d3N DIGITAL SANA Leer m\u00e1s<\/p>\n","protected":false},"author":1,"featured_media":0,"parent":0,"menu_order":0,"comment_status":"closed","ping_status":"closed","template":"","meta":{"footnotes":""},"class_list":["post-1543","page","type-page","status-publish","hentry"],"_links":{"self":[{"href":"https:\/\/ociomoda.com\/en\/wp-json\/wp\/v2\/pages\/1543","targetHints":{"allow":["GET"]}}],"collection":[{"href":"https:\/\/ociomoda.com\/en\/wp-json\/wp\/v2\/pages"}],"about":[{"href":"https:\/\/ociomoda.com\/en\/wp-json\/wp\/v2\/types\/page"}],"author":[{"embeddable":true,"href":"https:\/\/ociomoda.com\/en\/wp-json\/wp\/v2\/users\/1"}],"replies":[{"embeddable":true,"href":"https:\/\/ociomoda.com\/en\/wp-json\/wp\/v2\/comments?post=1543"}],"version-history":[{"count":7,"href":"https:\/\/ociomoda.com\/en\/wp-json\/wp\/v2\/pages\/1543\/revisions"}],"predecessor-version":[{"id":1805,"href":"https:\/\/ociomoda.com\/en\/wp-json\/wp\/v2\/pages\/1543\/revisions\/1805"}],"wp:attachment":[{"href":"https:\/\/ociomoda.com\/en\/wp-json\/wp\/v2\/media?parent=1543"}],"curies":[{"name":"wp","href":"https:\/\/api.w.org\/{rel}","templated":true}]}}